{"id":15462,"date":"2014-08-01T08:18:29","date_gmt":"2014-08-01T08:18:29","guid":{"rendered":"http:\/\/demo.qodeinteractive.com\/bridge28\/?page_id=15462"},"modified":"2018-09-28T13:29:29","modified_gmt":"2018-09-28T13:29:29","slug":"template-home","status":"publish","type":"page","link":"https:\/\/3dpictureworks.at\/WP\/","title":{"rendered":"Home"},"content":{"rendered":"<p>[vc_row row_type=&#8220;parallax&#8220; parallax_content_width=&#8220;in_grid&#8220; text_align=&#8220;left&#8220; background_image=&#8220;16616&#8243; full_screen_section_height=&#8220;no&#8220;][vc_column][vc_separator type=&#8220;transparent&#8220; thickness=&#8220;40&#8243;][vc_column_text]<\/p>\n<h2 style=\"text-align: center;\"><strong>3D Picture Works &#8211; Wir erwecken Ihre Projekte zum Leben<\/strong><\/h2>\n<p>[\/vc_column_text][vc_separator type=&#8220;transparent&#8220; up=&#8220;15&#8243;][vc_separator type=&#8220;transparent&#8220; up=&#8220;15&#8243;][vc_separator type=&#8220;transparent&#8220; thickness=&#8220;50&#8243; up=&#8220;40&#8243;][vc_separator type=&#8220;transparent&#8220; thickness=&#8220;50&#8243; up=&#8220;40&#8243;][vc_column_text]<\/p>\n<h1 id=\"wos-uber\" style=\"text-align: left;\"><strong>\u00dcBER UNS<\/strong><\/h1>\n<p>[\/vc_column_text][vc_separator type=&#8220;transparent&#8220; up=&#8220;15&#8243;][vc_separator type=&#8220;transparent&#8220; up=&#8220;15&#8243;][vc_separator type=&#8220;transparent&#8220; up=&#8220;15&#8243;][vc_column_text]<strong><span style=\"color: #000000;\">3D Picture Works steht seit 2005 f\u00fcr h\u00f6chste Qualit\u00e4t im Bereich 3D Computergrafik, Compositing und Bildbearbeitung.<\/span><\/strong><\/p>\n<p><strong>\u00a0<\/strong><\/p>\n<p style=\"text-align: left;\"><strong><span style=\"color: #000000;\">Durch unsere langj\u00e4hrige Erfahrung, in Kombination mit modernsten Hard- und Softwarel\u00f6sungen, haben wir mit Erfolg zahlreiche Projekte f\u00fcr namhafte Auftraggeber realisiert. Unter anderem die voestalpine,\u00a0SANDVIK und Palfinger AG, das Land Steiermark sowie die Frauscher Sensortechnik GmbH.<\/span><\/strong><\/p>\n<p><strong>\u00a0<\/strong><\/p>\n<p style=\"text-align: left;\"><strong><span style=\"color: #000000;\">Unser Angebot ist breit gef\u00e4chert und reicht von fotorealistischen 3D Visualisierungen bis hin zu High-End 3D Animationen im Industrie-, Stra\u00dfenbau- und Architekturbereich. Vollst\u00e4ndig animierte, mechanische Fertigungsstra\u00dfen, 3D Montage- und Wartungsanleitungen sowie die digitale Darstellung von Produkten und Bauvorhaben bereits in der Planungsphase, sind nur einige Beispiele der vielf\u00e4ltigen Anwendungsm\u00f6glichkeiten. Selbstverst\u00e4ndlich werden auf Wunsch alle daf\u00fcr notwendigen 3D Modelle individuell von uns erstellt oder aus bestehenden CAD-Daten konvertiert.<\/span><\/strong><\/p>\n<p><strong>\u00a0<\/strong><\/p>\n<p style=\"text-align: left;\"><strong><span style=\"color: #000000;\">Dar\u00fcber hinaus geben wir unser Wissen auch weiter. In unserer 3D Akademie bieten wir Ihnen die einzigartige Gelegenheit in die spannende Thematik der 3D Visualisierung und professionellen Bildbearbeitung einzusteigen und\/oder sich in diesen Bereichen weiterzubilden.<br \/>\nEs erwarten Sie individuell abgestimmte, ma\u00dfgeschneiderte Kurse und Schulungen f\u00fcr die folgenden Softwarepakete:<br \/>\nAutodesk 3ds max, V-Ray, Adobe Photoshop oder Adobe After Effects<\/span><\/strong><\/p>\n<p><strong>\u00a0<\/strong><\/p>\n<p style=\"text-align: left;\"><strong><span style=\"color: #000000;\">Zu unserem umfangreichen Leistungsspektrum z\u00e4hlen zudem auch Digitale Spezialeffekte wie Fl\u00fcssigkeits- und Partikelsimulationen, 3D Druck, Digitales Compositing, darunter Camera Tracking und 3D\/2D Integration, Werbespots unter anderem f\u00fcr Messen, Fulldome-taugliche 3D Animationen, Stereoskopisches 3D, Panorama-Fotografie, Luftaufnahmen und noch vieles mehr&#8230;<\/span><\/strong><\/p>\n<p><strong>\u00a0<\/strong><\/p>\n<p style=\"text-align: left;\"><strong><span style=\"color: #000000;\">\u00dcberzeugen Sie sich selbst und werfen Sie einen Blick auf unsere aktuellen Projekte.<\/span><\/strong><\/p>\n<p>[\/vc_column_text][vc_separator type=&#8220;transparent&#8220; up=&#8220;100&#8243; down=&#8220;100&#8243;][vc_column_text]<\/p>\n<h1 id=\"wos-refer\" style=\"text-align: left;\"><strong>REFERENZEN<\/strong><\/h1>\n<p>[\/vc_column_text][vc_separator type=&#8220;transparent&#8220; up=&#8220;15&#8243;][vc_separator type=&#8220;transparent&#8220; up=&#8220;15&#8243;][vc_separator type=&#8220;transparent&#8220; up=&#8220;15&#8243;]<div class='projects_holder_outer v3 portfolio_with_space portfolio_standard'><div class='projects_holder portfolio_main_holder clearfix v3 standard portfolio_full_image '>\n<article class='mix ' style=''><div class=\"item_holder slow_zoom\"><div class=\"icons_holder\"><\/div><a itemprop=\"url\" class=\"portfolio_link_class\" title=\"BOEHLERIT &#8211; BULLtec 2.0 Series | CG Produktfilm\" href=\"https:\/\/3dpictureworks.at\/WP\/portfolio_page\/boehlerit-bulltec-2-0-series-cg-produktfilm\/\"><\/a><div  class=\"portfolio_shader\"><\/div><div class=\"image_holder\"><span class=\"image\"><img width=\"640\" height=\"360\" src=\"https:\/\/3dpictureworks.at\/WP\/wp-content\/uploads\/2018\/09\/27_boehlerit_small.jpg\" class=\"attachment-full size-full wp-post-image\" alt=\"\" decoding=\"async\" loading=\"lazy\" srcset=\"https:\/\/3dpictureworks.at\/WP\/wp-content\/uploads\/2018\/09\/27_boehlerit_small.jpg 640w, https:\/\/3dpictureworks.at\/WP\/wp-content\/uploads\/2018\/09\/27_boehlerit_small-300x169.jpg 300w, https:\/\/3dpictureworks.at\/WP\/wp-content\/uploads\/2018\/09\/27_boehlerit_small-539x303.jpg 539w\" sizes=\"(max-width: 640px) 100vw, 640px\" \/><\/span><\/div><\/div><div class='portfolio_description ' ><h5 itemprop=\"name\" class=\"portfolio_title entry_title\"><a itemprop=\"url\" href=\"https:\/\/3dpictureworks.at\/WP\/portfolio_page\/boehlerit-bulltec-2-0-series-cg-produktfilm\/\" target=\"_self\" style=\"color: #000000;font-size: 14px\">BOEHLERIT &#8211; BULLtec 2.0 Series | CG Produktfilm<\/a><\/h5><span class=\"project_category\" ><\/span><\/div><\/article>\n<article class='mix ' style=''><div class=\"item_holder slow_zoom\"><div class=\"icons_holder\"><\/div><a itemprop=\"url\" class=\"portfolio_link_class\" title=\"Land Steiermark &#8211; B116 Deuchendorf | Stra\u00dfenvisualisierung und 3D Animation\" href=\"https:\/\/3dpictureworks.at\/WP\/portfolio_page\/land-steiermark-b116-deuchendorf-strassenvisualisierung-und-3d-animation\/\"><\/a><div  class=\"portfolio_shader\"><\/div><div class=\"image_holder\"><span class=\"image\"><img width=\"640\" height=\"360\" src=\"https:\/\/3dpictureworks.at\/WP\/wp-content\/uploads\/2018\/06\/26_LandStmk_B116_small.jpg\" class=\"attachment-full size-full wp-post-image\" alt=\"\" decoding=\"async\" loading=\"lazy\" srcset=\"https:\/\/3dpictureworks.at\/WP\/wp-content\/uploads\/2018\/06\/26_LandStmk_B116_small.jpg 640w, https:\/\/3dpictureworks.at\/WP\/wp-content\/uploads\/2018\/06\/26_LandStmk_B116_small-300x169.jpg 300w, https:\/\/3dpictureworks.at\/WP\/wp-content\/uploads\/2018\/06\/26_LandStmk_B116_small-539x303.jpg 539w\" sizes=\"(max-width: 640px) 100vw, 640px\" \/><\/span><\/div><\/div><div class='portfolio_description ' ><h5 itemprop=\"name\" class=\"portfolio_title entry_title\"><a itemprop=\"url\" href=\"https:\/\/3dpictureworks.at\/WP\/portfolio_page\/land-steiermark-b116-deuchendorf-strassenvisualisierung-und-3d-animation\/\" target=\"_self\" style=\"color: #000000;font-size: 14px\">Land Steiermark &#8211; B116 Deuchendorf | Stra\u00dfenvisualisierung und 3D Animation<\/a><\/h5><span class=\"project_category\" ><\/span><\/div><\/article>\n<article class='mix ' style=''><div class=\"item_holder slow_zoom\"><div class=\"icons_holder\"><\/div><a itemprop=\"url\" class=\"portfolio_link_class\" title=\"Land Steiermark &#8211; B70 Stumpf Webling | Stra\u00dfenvisualisierung und 3D Animation\" href=\"https:\/\/3dpictureworks.at\/WP\/portfolio_page\/land-steiermark-b70-stumpf-webling-animation\/\"><\/a><div  class=\"portfolio_shader\"><\/div><div class=\"image_holder\"><span class=\"image\"><img width=\"640\" height=\"360\" src=\"https:\/\/3dpictureworks.at\/WP\/wp-content\/uploads\/2017\/04\/1_LandStmk_Webling_small-1.jpg\" class=\"attachment-full size-full wp-post-image\" alt=\"\" decoding=\"async\" loading=\"lazy\" srcset=\"https:\/\/3dpictureworks.at\/WP\/wp-content\/uploads\/2017\/04\/1_LandStmk_Webling_small-1.jpg 640w, https:\/\/3dpictureworks.at\/WP\/wp-content\/uploads\/2017\/04\/1_LandStmk_Webling_small-1-300x169.jpg 300w, https:\/\/3dpictureworks.at\/WP\/wp-content\/uploads\/2017\/04\/1_LandStmk_Webling_small-1-539x303.jpg 539w\" sizes=\"(max-width: 640px) 100vw, 640px\" \/><\/span><\/div><\/div><div class='portfolio_description ' ><h5 itemprop=\"name\" class=\"portfolio_title entry_title\"><a itemprop=\"url\" href=\"https:\/\/3dpictureworks.at\/WP\/portfolio_page\/land-steiermark-b70-stumpf-webling-animation\/\" target=\"_self\" style=\"color: #000000;font-size: 14px\">Land Steiermark &#8211; B70 Stumpf Webling | Stra\u00dfenvisualisierung und 3D Animation<\/a><\/h5><span class=\"project_category\" ><\/span><\/div><\/article>\n<article class='mix ' style=''><div class=\"item_holder slow_zoom\"><div class=\"icons_holder\"><\/div><a itemprop=\"url\" class=\"portfolio_link_class\" title=\"FRAUSCHER &#8211; Tracking Solutions FTS | 3D Animation\" href=\"https:\/\/3dpictureworks.at\/WP\/portfolio_page\/frauschertrackingsolutionsfts\/\"><\/a><div  class=\"portfolio_shader\"><\/div><div class=\"image_holder\"><span class=\"image\"><img width=\"640\" height=\"360\" src=\"https:\/\/3dpictureworks.at\/WP\/wp-content\/uploads\/2017\/04\/2_FrauscherFTS_small-1.jpg\" class=\"attachment-full size-full wp-post-image\" alt=\"\" decoding=\"async\" loading=\"lazy\" srcset=\"https:\/\/3dpictureworks.at\/WP\/wp-content\/uploads\/2017\/04\/2_FrauscherFTS_small-1.jpg 640w, https:\/\/3dpictureworks.at\/WP\/wp-content\/uploads\/2017\/04\/2_FrauscherFTS_small-1-300x169.jpg 300w, https:\/\/3dpictureworks.at\/WP\/wp-content\/uploads\/2017\/04\/2_FrauscherFTS_small-1-539x303.jpg 539w\" sizes=\"(max-width: 640px) 100vw, 640px\" \/><\/span><\/div><\/div><div class='portfolio_description ' ><h5 itemprop=\"name\" class=\"portfolio_title entry_title\"><a itemprop=\"url\" href=\"https:\/\/3dpictureworks.at\/WP\/portfolio_page\/frauschertrackingsolutionsfts\/\" target=\"_self\" style=\"color: #000000;font-size: 14px\">FRAUSCHER &#8211; Tracking Solutions FTS | 3D Animation<\/a><\/h5><span class=\"project_category\" ><\/span><\/div><\/article>\n<article class='mix ' style=''><div class=\"item_holder slow_zoom\"><div class=\"icons_holder\"><\/div><a itemprop=\"url\" class=\"portfolio_link_class\" title=\"FRAUSCHER Sensor Technologie | Produktrenderbilder\" href=\"https:\/\/3dpictureworks.at\/WP\/portfolio_page\/frauscher-sensor-technologie-produktrenderbilder\/\"><\/a><div  class=\"portfolio_shader\"><\/div><div class=\"image_holder\"><span class=\"image\"><img width=\"640\" height=\"360\" src=\"https:\/\/3dpictureworks.at\/WP\/wp-content\/uploads\/2017\/04\/1_FrauscherRB1_small.jpg\" class=\"attachment-full size-full wp-post-image\" alt=\"\" decoding=\"async\" loading=\"lazy\" srcset=\"https:\/\/3dpictureworks.at\/WP\/wp-content\/uploads\/2017\/04\/1_FrauscherRB1_small.jpg 640w, https:\/\/3dpictureworks.at\/WP\/wp-content\/uploads\/2017\/04\/1_FrauscherRB1_small-300x169.jpg 300w, https:\/\/3dpictureworks.at\/WP\/wp-content\/uploads\/2017\/04\/1_FrauscherRB1_small-539x303.jpg 539w\" sizes=\"(max-width: 640px) 100vw, 640px\" \/><\/span><\/div><\/div><div class='portfolio_description ' ><h5 itemprop=\"name\" class=\"portfolio_title entry_title\"><a itemprop=\"url\" href=\"https:\/\/3dpictureworks.at\/WP\/portfolio_page\/frauscher-sensor-technologie-produktrenderbilder\/\" target=\"_self\" style=\"color: #000000;font-size: 14px\">FRAUSCHER Sensor Technologie | Produktrenderbilder<\/a><\/h5><span class=\"project_category\" ><\/span><\/div><\/article>\n<article class='mix ' style=''><div class=\"item_holder slow_zoom\"><div class=\"icons_holder\"><\/div><a itemprop=\"url\" class=\"portfolio_link_class\" title=\"Land Steiermark &#8211; B68 | Stra\u00dfenvisualisierung und 3D Animation\" href=\"https:\/\/3dpictureworks.at\/WP\/portfolio_page\/landsteiermarkb68animation\/\"><\/a><div  class=\"portfolio_shader\"><\/div><div class=\"image_holder\"><span class=\"image\"><img width=\"640\" height=\"360\" src=\"https:\/\/3dpictureworks.at\/WP\/wp-content\/uploads\/2017\/04\/3_LandStmk_B68_small-1.jpg\" class=\"attachment-full size-full wp-post-image\" alt=\"\" decoding=\"async\" loading=\"lazy\" srcset=\"https:\/\/3dpictureworks.at\/WP\/wp-content\/uploads\/2017\/04\/3_LandStmk_B68_small-1.jpg 640w, https:\/\/3dpictureworks.at\/WP\/wp-content\/uploads\/2017\/04\/3_LandStmk_B68_small-1-300x169.jpg 300w, https:\/\/3dpictureworks.at\/WP\/wp-content\/uploads\/2017\/04\/3_LandStmk_B68_small-1-539x303.jpg 539w\" sizes=\"(max-width: 640px) 100vw, 640px\" \/><\/span><\/div><\/div><div class='portfolio_description ' ><h5 itemprop=\"name\" class=\"portfolio_title entry_title\"><a itemprop=\"url\" href=\"https:\/\/3dpictureworks.at\/WP\/portfolio_page\/landsteiermarkb68animation\/\" target=\"_self\" style=\"color: #000000;font-size: 14px\">Land Steiermark &#8211; B68 | Stra\u00dfenvisualisierung und 3D Animation<\/a><\/h5><span class=\"project_category\" ><\/span><\/div><\/article>\n<article class='mix ' style=''><div class=\"item_holder slow_zoom\"><div class=\"icons_holder\"><\/div><a itemprop=\"url\" class=\"portfolio_link_class\" title=\"voestalpine AG | Produktrenderbilder\" href=\"https:\/\/3dpictureworks.at\/WP\/portfolio_page\/voestalpine-ag-produktrenderbilder\/\"><\/a><div  class=\"portfolio_shader\"><\/div><div class=\"image_holder\"><span class=\"image\"><img width=\"640\" height=\"360\" src=\"https:\/\/3dpictureworks.at\/WP\/wp-content\/uploads\/2017\/04\/13_voestalpine1_small.jpg\" class=\"attachment-full size-full wp-post-image\" alt=\"\" decoding=\"async\" loading=\"lazy\" srcset=\"https:\/\/3dpictureworks.at\/WP\/wp-content\/uploads\/2017\/04\/13_voestalpine1_small.jpg 640w, https:\/\/3dpictureworks.at\/WP\/wp-content\/uploads\/2017\/04\/13_voestalpine1_small-300x169.jpg 300w, https:\/\/3dpictureworks.at\/WP\/wp-content\/uploads\/2017\/04\/13_voestalpine1_small-539x303.jpg 539w\" sizes=\"(max-width: 640px) 100vw, 640px\" \/><\/span><\/div><\/div><div class='portfolio_description ' ><h5 itemprop=\"name\" class=\"portfolio_title entry_title\"><a itemprop=\"url\" href=\"https:\/\/3dpictureworks.at\/WP\/portfolio_page\/voestalpine-ag-produktrenderbilder\/\" target=\"_self\" style=\"color: #000000;font-size: 14px\">voestalpine AG | Produktrenderbilder<\/a><\/h5><span class=\"project_category\" ><\/span><\/div><\/article>\n<article class='mix ' style=''><div class=\"item_holder slow_zoom\"><div class=\"icons_holder\"><\/div><a itemprop=\"url\" class=\"portfolio_link_class\" title=\"METEKA &#8211; Container Solution | Produktrenderings und 3D Animation\" href=\"https:\/\/3dpictureworks.at\/WP\/portfolio_page\/metekacontainersolution\/\"><\/a><div  class=\"portfolio_shader\"><\/div><div class=\"image_holder\"><span class=\"image\"><img width=\"640\" height=\"360\" src=\"https:\/\/3dpictureworks.at\/WP\/wp-content\/uploads\/2017\/04\/5_Meteka_small-1.jpg\" class=\"attachment-full size-full wp-post-image\" alt=\"\" decoding=\"async\" loading=\"lazy\" srcset=\"https:\/\/3dpictureworks.at\/WP\/wp-content\/uploads\/2017\/04\/5_Meteka_small-1.jpg 640w, https:\/\/3dpictureworks.at\/WP\/wp-content\/uploads\/2017\/04\/5_Meteka_small-1-300x169.jpg 300w, https:\/\/3dpictureworks.at\/WP\/wp-content\/uploads\/2017\/04\/5_Meteka_small-1-539x303.jpg 539w\" sizes=\"(max-width: 640px) 100vw, 640px\" \/><\/span><\/div><\/div><div class='portfolio_description ' ><h5 itemprop=\"name\" class=\"portfolio_title entry_title\"><a itemprop=\"url\" href=\"https:\/\/3dpictureworks.at\/WP\/portfolio_page\/metekacontainersolution\/\" target=\"_self\" style=\"color: #000000;font-size: 14px\">METEKA &#8211; Container Solution | Produktrenderings und 3D Animation<\/a><\/h5><span class=\"project_category\" ><\/span><\/div><\/article>\n<article class='mix ' style=''><div class=\"item_holder slow_zoom\"><div class=\"icons_holder\"><\/div><a itemprop=\"url\" class=\"portfolio_link_class\" title=\"FRAUSCHER &#8211; Mainline | 3D Animation\" href=\"https:\/\/3dpictureworks.at\/WP\/portfolio_page\/frauschermainline\/\"><\/a><div  class=\"portfolio_shader\"><\/div><div class=\"image_holder\"><span class=\"image\"><img width=\"640\" height=\"360\" src=\"https:\/\/3dpictureworks.at\/WP\/wp-content\/uploads\/2017\/04\/6_FrauscherMain_small-1.jpg\" class=\"attachment-full size-full wp-post-image\" alt=\"\" decoding=\"async\" loading=\"lazy\" srcset=\"https:\/\/3dpictureworks.at\/WP\/wp-content\/uploads\/2017\/04\/6_FrauscherMain_small-1.jpg 640w, https:\/\/3dpictureworks.at\/WP\/wp-content\/uploads\/2017\/04\/6_FrauscherMain_small-1-300x169.jpg 300w, https:\/\/3dpictureworks.at\/WP\/wp-content\/uploads\/2017\/04\/6_FrauscherMain_small-1-539x303.jpg 539w\" sizes=\"(max-width: 640px) 100vw, 640px\" \/><\/span><\/div><\/div><div class='portfolio_description ' ><h5 itemprop=\"name\" class=\"portfolio_title entry_title\"><a itemprop=\"url\" href=\"https:\/\/3dpictureworks.at\/WP\/portfolio_page\/frauschermainline\/\" target=\"_self\" style=\"color: #000000;font-size: 14px\">FRAUSCHER &#8211; Mainline | 3D Animation<\/a><\/h5><span class=\"project_category\" ><\/span><\/div><\/article>\n<div class='filler'><\/div>\n<div class='filler'><\/div>\n<div class='filler'><\/div>\n<\/div><\/div>\n<p style=\"text-align: center;\"><a  itemprop=\"url\" href=\"https:\/\/3dpictureworks.at\/referenzen\/\" target=\"_self\" data-hover-background-color=#3a3a3a data-hover-color=#d20000 class=\"qbutton  medium center default\" style=\"\">WEITERE ANZEIGEN<\/a><\/p>\n<p>[vc_separator type=&#8220;transparent&#8220; up=&#8220;100&#8243; down=&#8220;100&#8243;][vc_column_text]<\/p>\n<h1 id=\"wos-contact\" style=\"text-align: left;\"><strong>KONTAKT<\/strong><\/h1>\n<p>[\/vc_column_text][vc_separator type=&#8220;transparent&#8220; up=&#8220;15&#8243;][vc_separator type=&#8220;transparent&#8220; up=&#8220;15&#8243;][vc_separator type=&#8220;transparent&#8220; up=&#8220;15&#8243;][vc_column_text]<\/p>\n<h2><strong>Senden Sie uns eine e-Mail oder rufen Sie uns an.<\/strong><\/h2>\n<p>&nbsp;<\/p>\n<p>&nbsp;<\/p>\n<p>&nbsp;<\/p>\n<h4><strong><span style=\"color: #000000;\">3D Picture Works e.U.<\/span><\/strong><\/h4>\n<p><strong>\u00a0<\/strong><\/p>\n<p><strong><span style=\"color: #000000;\">Neue Frauengasse 10<\/span><\/strong><br \/>\n<strong><span style=\"color: #000000;\">A-8750 Judenburg<\/span><\/strong><\/p>\n<p><strong>\u00a0<\/strong><\/p>\n<p><strong><span style=\"color: #000000;\">t: +43 \/ (0)699 \/ 101 727 83<\/span><\/strong><br \/>\n<strong><span style=\"color: #000000;\">e: <a style=\"color: #000000;\" href=\"mailto:office@3dpictureworks.at\">office@3dpictureworks.at<\/a><\/span><\/strong>[\/vc_column_text][vc_separator type=&#8220;transparent&#8220; up=&#8220;50&#8243; down=&#8220;50&#8243;][\/vc_column][\/vc_row][vc_row css_animation=&#8220;&#8220; row_type=&#8220;row&#8220; use_row_as_full_screen_section=&#8220;no&#8220; type=&#8220;full_width&#8220; angled_section=&#8220;no&#8220; text_align=&#8220;left&#8220; background_image_as_pattern=&#8220;without_pattern&#8220;][vc_column][vc_column_text]<\/p>\n<div class=\"map-wrap\">\n<div class=\"overlay\"><\/div>\n<p><!-- wrap map iframe to turn off mouse scroll and turn it back on on click --><\/p>\n<p><iframe loading=\"lazy\" class=\"map\" style=\"border: 0px currentColor;\" src=\"https:\/\/www.google.com\/maps\/embed?pb=!1m18!1m12!1m3!1d2712.328374632227!2d14.641642315615451!3d47.17100697915818!2m3!1f0!2f0!3f0!3m2!1i1024!2i768!4f13.1!3m3!1m2!1s0x4771ca54f705f3ab%3A0x558e70f86e4a03b7!2s3D+Picture+Works!5e0!3m2!1sde!2sat!4v1492075495152\" width=\"100%\" height=\"480\" frameborder=\"0\" allowfullscreen=\"allowfullscreen\"><\/iframe><\/p>\n<\/div>\n<p>[\/vc_column_text][\/vc_column][\/vc_row]<\/p>\n","protected":false},"excerpt":{"rendered":"<p>[vc_row row_type=&#8220;parallax&#8220; parallax_content_width=&#8220;in_grid&#8220; text_align=&#8220;left&#8220; background_image=&#8220;16616&#8243; full_screen_section_height=&#8220;no&#8220;][vc_column][vc_separator type=&#8220;transparent&#8220; thickness=&#8220;40&#8243;][vc_column_text] 3D Picture Works &#8211; Wir erwecken Ihre Projekte zum Leben [\/vc_column_text][vc_separator type=&#8220;transparent&#8220; up=&#8220;15&#8243;][vc_separator type=&#8220;transparent&#8220; up=&#8220;15&#8243;][vc_separator type=&#8220;transparent&#8220; thickness=&#8220;50&#8243; up=&#8220;40&#8243;][vc_separator type=&#8220;transparent&#8220; thickness=&#8220;50&#8243; up=&#8220;40&#8243;][vc_column_text] \u00dcBER UNS [\/vc_column_text][vc_separator type=&#8220;transparent&#8220; up=&#8220;15&#8243;][vc_separator type=&#8220;transparent&#8220; up=&#8220;15&#8243;][vc_separator type=&#8220;transparent&#8220; up=&#8220;15&#8243;][vc_column_text]3D Picture Works steht seit 2005 f\u00fcr h\u00f6chste&#8230;<\/p>\n","protected":false},"author":3,"featured_media":0,"parent":0,"menu_order":0,"comment_status":"open","ping_status":"closed","template":"full_width.php","meta":[],"_links":{"self":[{"href":"https:\/\/3dpictureworks.at\/WP\/wp-json\/wp\/v2\/pages\/15462"}],"collection":[{"href":"https:\/\/3dpictureworks.at\/WP\/wp-json\/wp\/v2\/pages"}],"about":[{"href":"https:\/\/3dpictureworks.at\/WP\/wp-json\/wp\/v2\/types\/page"}],"author":[{"embeddable":true,"href":"https:\/\/3dpictureworks.at\/WP\/wp-json\/wp\/v2\/users\/3"}],"replies":[{"embeddable":true,"href":"https:\/\/3dpictureworks.at\/WP\/wp-json\/wp\/v2\/comments?post=15462"}],"version-history":[{"count":107,"href":"https:\/\/3dpictureworks.at\/WP\/wp-json\/wp\/v2\/pages\/15462\/revisions"}],"predecessor-version":[{"id":17011,"href":"https:\/\/3dpictureworks.at\/WP\/wp-json\/wp\/v2\/pages\/15462\/revisions\/17011"}],"wp:attachment":[{"href":"https:\/\/3dpictureworks.at\/WP\/wp-json\/wp\/v2\/media?parent=15462"}],"curies":[{"name":"wp","href":"https:\/\/api.w.org\/{rel}","templated":true}]}}