{"id":14479,"date":"2014-03-28T11:13:31","date_gmt":"2014-03-28T11:13:31","guid":{"rendered":"http:\/\/demo.qodeinteractive.com\/bridge28\/?page_id=14479"},"modified":"2019-03-18T08:50:49","modified_gmt":"2019-03-18T08:50:49","slug":"impressum","status":"publish","type":"page","link":"https:\/\/3dpictureworks.at\/WP\/impressum\/","title":{"rendered":"Impressum"},"content":{"rendered":"<p>[vc_row row_type=&#8220;parallax&#8220; parallax_content_width=&#8220;in_grid&#8220; text_align=&#8220;left&#8220; background_image=&#8220;16616&#8243; full_screen_section_height=&#8220;no&#8220;][vc_column][vc_separator type=&#8220;transparent&#8220; up=&#8220;20&#8243; down=&#8220;20&#8243;][vc_column_text]<\/p>\n<h1><strong>IMPRESSUM<\/strong><\/h1>\n<p>&nbsp;<\/p>\n<p><span style=\"color: #000000;\">3D Picture Works e.U.<\/span><\/p>\n<p>&nbsp;<\/p>\n<p><span style=\"color: #000000;\">Inh. Thomas Kaiser<\/span><br \/>\n<span style=\"color: #000000;\">Neue Frauengasse 10<\/span><br \/>\n<span style=\"color: #000000;\">A-8750 Judenburg<\/span><\/p>\n<p>&nbsp;<\/p>\n<p><span style=\"color: #000000;\">t: +43 \/ (0)699 \/ 101 727 83<\/span><br \/>\n<span style=\"color: #000000;\">e: <a style=\"color: #000000;\" href=\"mailto:office@3dpictureworks.at\">office@3dpictureworks.at<\/a><\/span><\/p>\n<p>&nbsp;<\/p>\n<p><span style=\"color: #000000;\">EINZELUNTERNEHMEN<\/span><br \/>\n<span style=\"color: #000000;\">UID: ATU61487313<\/span><br \/>\n<span style=\"color: #000000;\">FN: 493701g<\/span><br \/>\n<span style=\"color: #000000;\">Landesgericht Leoben<\/span><\/p>\n<p>&nbsp;<\/p>\n<p><span style=\"color: #000000;\">Information laut dem E-Commerce-Gesetz: <a href=\"https:\/\/www.wkoecg.at\/Web\/Ecg.aspx?FirmaID=687875ea-69e8-4d2f-8f4d-19081bc66e55\">Wirtschaftskammer \u00d6sterreich<\/a><\/span><\/p>\n<p>&nbsp;<\/p>\n<p>&nbsp;<\/p>\n<p>&nbsp;<\/p>\n<p>&nbsp;<\/p>\n<h3><span style=\"color: #000000;\">\u00bb Copyright<\/span><\/h3>\n<p>&nbsp;<\/p>\n<p><span style=\"color: #000000;\">Die Bildrechte f\u00fcr alle auf dieser Webseite pr\u00e4sentierten Fotos liegen&nbsp;bei 3D Picture Works. Alle Fotos d\u00fcrfen nur mit ausdr\u00fccklich schriftlicher Genehmigung von 3D Picture Works verwendet werden. Fotos, die ausdr\u00fccklich zum Download zur Verf\u00fcgung gestellt werden, d\u00fcrfen von Kunden&nbsp; von 3D Picture Works und Pressevertretern genutzt werden, sofern die Bildrechte kenntlich gemacht werden. Das Urheberrecht f\u00fcr die ver\u00f6ffentlichten Texte liegt ebenfalls bei 3D Picture Works. Einzelne Textpassagen sowie vollst\u00e4ndige Texte d\u00fcrfen zitiert werden, sofern Urheber und Quelle kenntlich gemacht werden.<\/span><\/p>\n<h3><span style=\"color: #000000;\">&nbsp;<\/span><\/h3>\n<p>&nbsp;<\/p>\n<p>&nbsp;<\/p>\n<h3><span style=\"color: #000000;\">\u00bb&nbsp;Webdesign<\/span><\/h3>\n<p>&nbsp;<\/p>\n<p><span style=\"color: #000000;\">Zust\u00e4ndig f\u00fcr den Inhalt der Website: 3D Picture Works<br \/>\nZust\u00e4ndig f\u00fcr das Webdesign:<\/span><\/p>\n<p>&nbsp;<\/p>\n<p><span style=\"color: #000000;\"><img decoding=\"async\" loading=\"lazy\" class=\"alignnone size-full wp-image-16413\" src=\"http:\/\/3dpictureworks.at\/WP\/wp-content\/uploads\/2014\/03\/Email-Signatur.png\" alt=\"\" width=\"220\" height=\"70\"><\/span><\/p>\n<p><span style=\"color: #000000;\">ALTERSBERGER Advertisement Solutions<\/span><br \/>\n<span style=\"color: #000000;\">Bahnhofstra\u00dfe 35<\/span><br \/>\n<span style=\"color: #000000;\">A-8740 Zeltweg<\/span><\/p>\n<p><span style=\"color: #000000;\">t: +43 \/ (0)699 \/ 17 22 84 83<\/span><br \/>\n<span style=\"color: #000000;\">e: <a style=\"color: #000000;\" href=\"mailto:office@altersberger.uk\">office@altersberger.uk<\/a><\/span><br \/>\n<span style=\"color: #000000;\">w: <a style=\"color: #000000;\" href=\"https:\/\/www.altersberger.uk\">www.altersberger.uk<\/a><\/span><\/p>\n<p>&nbsp;<\/p>\n<p>&nbsp;<\/p>\n<h3><span style=\"color: #000000;\">\u00bb Haftungshinweis<\/span><\/h3>\n<p>&nbsp;<\/p>\n<p><span style=\"color: #000000;\">Trotz sorgf\u00e4ltiger inhaltlicher Kontrolle \u00fcbernehmen wir keine Haftung f\u00fcr die Inhalte externer Links. F\u00fcr den Inhalt der verlinkten Seiten sind ausschlie\u00dflich deren Betreiber verantwortlich. Wir distanzieren uns ausdr\u00fccklich von den Inhalten der verlinkten Seiten oder Grafiken. Die Verfasser \u00fcbernehmen keinerlei Gew\u00e4hr f\u00fcr die Aktualit\u00e4t, Korrektheit, Vollst\u00e4ndigkeit oder Qualit\u00e4t der bereitgestellten Informationen. Haftungsanspr\u00fcche gegen die Verfasser, die sich auf Sch\u00e4den materieller oder ideeller Art beziehen, welche durch die Nutzung oder Nichtnutzung der dargebotenen Informationen bzw. durch die Nutzung fehlerhafter und unvollst\u00e4ndiger Informationen verursacht wurden sind grunds\u00e4tzlich ausgeschlossen, sofern seitens der Verfasser kein nachweislich vors\u00e4tzliches oder grob fahrl\u00e4ssiges Verschulden vorliegt. Die gezeigten Inhalte dienen nur der Demonstration der Leistungen und nicht als Angebote oder verbindliche Zusagen. Dies gilt insbesondere f\u00fcr dargestellte Angebote unserer Kunden, auf deren Erf\u00fcllung es keinerlei Anspruch gibt. Alle Angebote sind freibleibend und unverbindlich. Die Verfasser behalten es sich ausdr\u00fccklich vor, Teile der Seiten oder das gesamte Angebot ohne gesonderte Ank\u00fcndigung zu ver\u00e4ndern, zu erg\u00e4nzen, zu l\u00f6schen oder die Ver\u00f6ffentlichung zeitweise oder endg\u00fcltig einzustellen.<\/span><\/p>\n<p><span style=\"color: #000000;\">&nbsp;<\/span>[\/vc_column_text][vc_separator type=&#8220;transparent&#8220; thickness=&#8220;30&#8243;][\/vc_column][\/vc_row]<\/p>\n","protected":false},"excerpt":{"rendered":"<p>[vc_row row_type=&#8220;parallax&#8220; parallax_content_width=&#8220;in_grid&#8220; text_align=&#8220;left&#8220; background_image=&#8220;16616&#8243; full_screen_section_height=&#8220;no&#8220;][vc_column][vc_separator type=&#8220;transparent&#8220; up=&#8220;20&#8243; down=&#8220;20&#8243;][vc_column_text] IMPRESSUM &nbsp; 3D Picture Works e.U. &nbsp; Inh. Thomas Kaiser Neue Frauengasse 10 A-8750 Judenburg &nbsp; t: +43 \/ (0)699 \/ 101 727 83 e: office@3dpictureworks.at &nbsp; EINZELUNTERNEHMEN UID: ATU61487313 FN: 493701g Landesgericht Leoben &nbsp; Information&#8230;<\/p>\n","protected":false},"author":3,"featured_media":0,"parent":0,"menu_order":0,"comment_status":"open","ping_status":"closed","template":"full_width.php","meta":[],"_links":{"self":[{"href":"https:\/\/3dpictureworks.at\/WP\/wp-json\/wp\/v2\/pages\/14479"}],"collection":[{"href":"https:\/\/3dpictureworks.at\/WP\/wp-json\/wp\/v2\/pages"}],"about":[{"href":"https:\/\/3dpictureworks.at\/WP\/wp-json\/wp\/v2\/types\/page"}],"author":[{"embeddable":true,"href":"https:\/\/3dpictureworks.at\/WP\/wp-json\/wp\/v2\/users\/3"}],"replies":[{"embeddable":true,"href":"https:\/\/3dpictureworks.at\/WP\/wp-json\/wp\/v2\/comments?post=14479"}],"version-history":[{"count":20,"href":"https:\/\/3dpictureworks.at\/WP\/wp-json\/wp\/v2\/pages\/14479\/revisions"}],"predecessor-version":[{"id":17016,"href":"https:\/\/3dpictureworks.at\/WP\/wp-json\/wp\/v2\/pages\/14479\/revisions\/17016"}],"wp:attachment":[{"href":"https:\/\/3dpictureworks.at\/WP\/wp-json\/wp\/v2\/media?parent=14479"}],"curies":[{"name":"wp","href":"https:\/\/api.w.org\/{rel}","templated":true}]}}